{"id":123,"date":"2014-10-21T11:10:56","date_gmt":"2014-10-21T11:10:56","guid":{"rendered":"https:\/\/www.cantinhodaluz.org.br\/?page_id=123"},"modified":"2022-03-24T18:56:07","modified_gmt":"2022-03-24T18:56:07","slug":"doacoes","status":"publish","type":"page","link":"https:\/\/www.cantinhodaluz.org.br\/?page_id=123","title":{"rendered":"Doa\u00e7\u00f5es"},"content":{"rendered":"<p style=\"text-align: justify;\">A Entidade recebe todos os tipos de doa\u00e7\u00f5es como roupas, cal\u00e7ados, utens\u00edlios dom\u00e9sticos, m\u00f3veis, cobertores e alimentos. As doa\u00e7\u00f5es recebidas s\u00e3o repassadas aos atendidos conforme solicita\u00e7\u00e3o e necessidades, bem como a toda a comunidade que nos procura. \u00c9 importante esclarecer que a Institui\u00e7\u00e3o possui um ve\u00edculo Dobl\u00f4, e a partir das possibilidades fizemos o trabalho de recolhimento das doa\u00e7\u00f5es. Doa\u00e7\u00f5es que exigem ve\u00edculo maior e que neste caso precisa-se de frete contamos com a sensibilidade das pessoas para que na medida do poss\u00edvel possam nos ajudar com o pagamento do mesmo. Contate-nos, nossas fam\u00edlias precisam e contam com sua colabora\u00e7\u00e3o&#8230;<\/p>\n<p style=\"text-align: center;\">__________________________________________<\/p>\n<p style=\"text-align: justify;\">\u00a0<b>IMPOSTO DE RENDA<\/b><\/p>\n<p style=\"text-align: justify;\">A Legisla\u00e7\u00e3o do Imposto de Renda, DECRETO 3000\/99, em seus artigos 87, 102 e 591 permite que o contribuinte fa\u00e7a a dedu\u00e7\u00e3o do seu imposto apurado ou devido do valor das contribui\u00e7\u00f5es ao Fundo Municipal dos direitos da Crian\u00e7a e Adolescente. O valor est\u00e1 limitado a 6% do Imposto devido para pessoa f\u00edsica que declara no formul\u00e1rio completo e 1% para pessoa jur\u00eddica que optar pelo lucro real. Os valores arrecadados ser\u00e3o repassados \u00e0s entidades, atrav\u00e9s dos respectivos Projetos, fiscalizados pelo Conselho Municipal da Crian\u00e7a e Adolescente \u2013 COMDICAE.<\/p>\n<p style=\"text-align: justify;\">\u00a0<b><em>Orienta\u00e7\u00f5es para efetuar o dep\u00f3sito<\/em><br \/>\n<\/b><\/p>\n<p>O dep\u00f3sito deve ser efetuado at\u00e9 30 de dezembro de cada ano. Contas para dep\u00f3sito:<\/p>\n<p style=\"text-align: justify;\">Banco do Brasil Ag\u00eancia \u2013 0132-5 c\/c n\u00ba 68.236-5<\/p>\n<p style=\"text-align: justify;\">Caixa Econ\u00f4mica Federal Ag\u00eancia \u2013 0470 c\/c n\u00ba 006.78-2<\/p>\n<p style=\"text-align: justify;\">Banrisul Ag\u00eancia \u2013 0210 c\/c n\u00ba 04.107159.0.4<\/p>\n<p style=\"text-align: justify;\">\u00a0Ap\u00f3s o dep\u00f3sito, identificar-se (pessoa f\u00edsica ou jur\u00eddica) junto \u00e0 Secretaria Municipal da Fazenda, a fim de obter seu recibo at\u00e9 30 de abril do ano subsequente. O recibo ser\u00e1 emitido pelo Fundo Municipal dos Direitos da Crian\u00e7a e do Adolescente, at\u00e9 30 de abril, mediante o comprovante do dep\u00f3sito banc\u00e1rio. Os contabilistas s\u00e3o parceiros nesta campanha. Informe-se com eles.<\/p>\n<p style=\"text-align: center;\">__________________________________________<\/p>\n<p style=\"text-align: justify;\"><b>\u00a0OUTRAS POSSIBILIDADES DE NOS AJUDAR<\/b><\/p>\n<p style=\"text-align: justify;\">\u00c9 poss\u00edvel tamb\u00e9m colaborar atrav\u00e9s de dep\u00f3sito direto em nossa conta-corrente. Sua contribui\u00e7\u00e3o ser\u00e1 de muita valia para n\u00f3s e atrav\u00e9s dela se faz poss\u00edvel a continua\u00e7\u00e3o de um trabalho que objetiva a amplia\u00e7\u00e3o de consci\u00eancias e o desenvolvimento das potencialidades a fim de transformar a realidade de quem aqui \u00e9 atendido.<\/p>\n<p style=\"text-align: justify;\"><em>\u00a0<\/em><b><em>Contas para dep\u00f3sito<\/em><br \/>\n<\/b><\/p>\n<p style=\"text-align: justify;\">BANRISUL &#8211; Ag\u00eancia 210 &#8211; Conta-corrente: 06.052006.0-0<\/p>\n<p style=\"text-align: justify;\">BANCO DO BRASIL &#8211; Ag\u00eancia 132-5 &#8211; Conta-corrente: 30622-3<\/p>\n<p>BANCO SICREDI &#8211; Ag\u00eancia: 0217\u00a0 &#8211; Conta Corrente: 43190-8<\/p>\n<p>PIX CNPJ:\u00a0 93.538.965\/0001-13<\/p>\n<p style=\"text-align: center;\">__________________________________________<\/p>\n<p style=\"text-align: justify;\"><b>PROGRAMA NOTA FISCAL GA\u00daCHA<\/b><\/p>\n<p style=\"text-align: justify;\">O Programa Nota Fiscal Ga\u00facha incentiva a sociedade a participar ativamente no desenvolvimento social de nossa Institui\u00e7\u00e3o.\u00a0 Ao cadastrar-se no site <a href=\"http:\/\/www.notafiscalgaucha.rs.gov.br\">www.notafiscalgaucha.rs.gov.br<\/a> voc\u00ea pode indicar de 1 a 4 Entidades sociais (uma de cada \u00e1rea \u2013 Educa\u00e7\u00e3o, Sa\u00fade e Desenvolvimento Social e uma de qualquer lugar do Estado). Ap\u00f3s o cadastramento \u00e9 necess\u00e1rio informar o CPF nas compras gerando Pontua\u00e7\u00e3o. Concorra a Pr\u00eamios em Dinheiro e, entre as Entidades indicadas \u00e9 \u00a0realizado o repasse de recursos que possibilita concretiza\u00e7\u00e3o dos projetos sociais. \u00c9 poss\u00edvel solicitar o cadastramento em nossa Institui\u00e7\u00e3o, para tanto entre em contato conosco por telefone ou at\u00e9 mesmo em nossa Entidade.<\/p>\n<p><a href=\"http:\/\/www.notafiscalgaucha.rs.gov.br\"><img loading=\"lazy\" decoding=\"async\" class=\"size-full wp-image-125 aligncenter\" src=\"https:\/\/www.cantinhodaluz.org.br\/wp-content\/uploads\/2014\/10\/NFGaucha.jpg\" alt=\"NFGaucha\" width=\"257\" height=\"196\" \/><\/a><\/p>\n<p>&nbsp;<\/p>\n","protected":false},"excerpt":{"rendered":"<p>A Entidade recebe todos os tipos de doa\u00e7\u00f5es como roupas, cal\u00e7ados, utens\u00edlios dom\u00e9sticos, m\u00f3veis, cobertores e alimentos. As doa\u00e7\u00f5es recebidas s\u00e3o repassadas aos atendidos conforme solicita\u00e7\u00e3o e necessidades, bem como a toda a comunidade que nos procura. \u00c9 importante esclarecer que a Institui\u00e7\u00e3o possui um ve\u00edculo Dobl\u00f4, e a partir das possibilidades fizemos o trabalho [&hellip;]<\/p>\n","protected":false},"author":1,"featured_media":0,"parent":0,"menu_order":1,"comment_status":"closed","ping_status":"closed","template":"","meta":{"footnotes":""},"class_list":["post-123","page","type-page","status-publish","hentry"],"_links":{"self":[{"href":"https:\/\/www.cantinhodaluz.org.br\/index.php?rest_route=\/wp\/v2\/pages\/123","targetHints":{"allow":["GET"]}}],"collection":[{"href":"https:\/\/www.cantinhodaluz.org.br\/index.php?rest_route=\/wp\/v2\/pages"}],"about":[{"href":"https:\/\/www.cantinhodaluz.org.br\/index.php?rest_route=\/wp\/v2\/types\/page"}],"author":[{"embeddable":true,"href":"https:\/\/www.cantinhodaluz.org.br\/index.php?rest_route=\/wp\/v2\/users\/1"}],"replies":[{"embeddable":true,"href":"https:\/\/www.cantinhodaluz.org.br\/index.php?rest_route=%2Fwp%2Fv2%2Fcomments&post=123"}],"version-history":[{"count":8,"href":"https:\/\/www.cantinhodaluz.org.br\/index.php?rest_route=\/wp\/v2\/pages\/123\/revisions"}],"predecessor-version":[{"id":994,"href":"https:\/\/www.cantinhodaluz.org.br\/index.php?rest_route=\/wp\/v2\/pages\/123\/revisions\/994"}],"wp:attachment":[{"href":"https:\/\/www.cantinhodaluz.org.br\/index.php?rest_route=%2Fwp%2Fv2%2Fmedia&parent=123"}],"curies":[{"name":"wp","href":"https:\/\/api.w.org\/{rel}","templated":true}]}}