{"id":575,"date":"2018-11-26T17:37:12","date_gmt":"2018-11-26T17:37:12","guid":{"rendered":"https:\/\/www.cantinhodaluz.org.br\/?page_id=575"},"modified":"2018-11-26T17:40:49","modified_gmt":"2018-11-26T17:40:49","slug":"historico","status":"publish","type":"page","link":"https:\/\/www.cantinhodaluz.org.br\/","title":{"rendered":"Hist\u00f3rico"},"content":{"rendered":"<p>A Entidade iniciou suas atividades no ano de 1990, em um terreno baldio, atrav\u00e9s de um grupo de volunt\u00e1rios que preocupados com o SER, promovendo assist\u00eancia e amparo \u00e0s crian\u00e7as, adolescentes, bem como aos seus familiares que residiam nos bairros da periferia oeste do munic\u00edpio, regi\u00e3o caracterizada pela vulnerabilidade social. Neste local eram desenvolvidas atividades esportivas, recreativas e educativas com as crian\u00e7as e adolescentes, sem nenhum recurso espec\u00edfico e estrutural.<br \/>\nEm 1996 a Prefeitura Municipal de Erechim efetuou a doa\u00e7\u00e3o de um terreno de 1.977,50m\u00b2, situado no bairro Frinape. Atrav\u00e9s de doa\u00e7\u00f5es realizadas pela comunidade foi poss\u00edvel dar in\u00edcio a constru\u00e7\u00e3o da sede, que hoje atende 120 fam\u00edlias cadastradas.<br \/>\nA Entidade atua diretamente com fam\u00edlias em situa\u00e7\u00e3o de vulnerabilidade social, pertencentes aos bairros pr\u00f3ximos a institui\u00e7\u00e3o, oferece servi\u00e7os de prote\u00e7\u00e3o social b\u00e1sica, atrav\u00e9s de programas, projetos e servi\u00e7o de fortalecimento de v\u00ednculos familiares, orienta\u00e7\u00e3o s\u00f3cio familiar e a\u00e7\u00f5es socioeducativas, voltados para crian\u00e7as, adolescentes e seus familiares.<br \/>\nOs programas socioeducativos e s\u00f3cios familiares possuem como principais objetivos o fortalecimento dos v\u00ednculos familiares e comunit\u00e1rios, desenvolvimento da autonomia e o conhecimento de direitos e deveres sociais, para que desta forma os usu\u00e1rios possam excluir-se da situa\u00e7\u00e3o de vulnerabilidade e risco social, possibilitando a integridade familiar, dignidade humana e participa\u00e7\u00e3o social.<br \/>\nA organiza\u00e7\u00e3o \u00e9 um espa\u00e7o com a\u00e7\u00f5es de car\u00e1ter cont\u00ednuo, em funcionamento de janeiro a dezembro, oferecendo atividades diferenciadas nos dois turnos do dia para crian\u00e7as, adolescentes e fam\u00edlias atrav\u00e9s de oficinas. A institui\u00e7\u00e3o tamb\u00e9m \u00e9 fortalecida pelo trabalho de volunt\u00e1rios que auxiliam nas diferentes tarefas e eventos promovidos pela entidade.<\/p>\n<p>&nbsp;<\/p>\n<p style=\"text-align: left;\"><img loading=\"lazy\" decoding=\"async\" class=\"alignnone size-medium wp-image-585\" src=\"https:\/\/www.cantinhodaluz.org.br\/wp-content\/uploads\/2018\/11\/ResizerImage1175X707-300x181.jpg\" alt=\"\" width=\"300\" height=\"181\" srcset=\"https:\/\/www.cantinhodaluz.org.br\/wp-content\/uploads\/2018\/11\/ResizerImage1175X707-300x181.jpg 300w, https:\/\/www.cantinhodaluz.org.br\/wp-content\/uploads\/2018\/11\/ResizerImage1175X707-768x463.jpg 768w, https:\/\/www.cantinhodaluz.org.br\/wp-content\/uploads\/2018\/11\/ResizerImage1175X707-1024x617.jpg 1024w, https:\/\/www.cantinhodaluz.org.br\/wp-content\/uploads\/2018\/11\/ResizerImage1175X707-624x376.jpg 624w, https:\/\/www.cantinhodaluz.org.br\/wp-content\/uploads\/2018\/11\/ResizerImage1175X707.jpg 1175w\" sizes=\"auto, (max-width: 300px) 100vw, 300px\" \/> <img loading=\"lazy\" decoding=\"async\" class=\"alignnone size-medium wp-image-584\" src=\"https:\/\/www.cantinhodaluz.org.br\/wp-content\/uploads\/2018\/11\/ResizerImage958X577-300x181.jpg\" alt=\"\" width=\"300\" height=\"181\" srcset=\"https:\/\/www.cantinhodaluz.org.br\/wp-content\/uploads\/2018\/11\/ResizerImage958X577-300x181.jpg 300w, https:\/\/www.cantinhodaluz.org.br\/wp-content\/uploads\/2018\/11\/ResizerImage958X577-768x463.jpg 768w, https:\/\/www.cantinhodaluz.org.br\/wp-content\/uploads\/2018\/11\/ResizerImage958X577-624x376.jpg 624w, https:\/\/www.cantinhodaluz.org.br\/wp-content\/uploads\/2018\/11\/ResizerImage958X577.jpg 958w\" sizes=\"auto, (max-width: 300px) 100vw, 300px\" \/> <img loading=\"lazy\" decoding=\"async\" class=\"alignnone size-medium wp-image-583\" src=\"https:\/\/www.cantinhodaluz.org.br\/wp-content\/uploads\/2018\/11\/ResizerImage922X533-300x174.jpg\" alt=\"\" width=\"300\" height=\"174\" srcset=\"https:\/\/www.cantinhodaluz.org.br\/wp-content\/uploads\/2018\/11\/ResizerImage922X533-300x174.jpg 300w, https:\/\/www.cantinhodaluz.org.br\/wp-content\/uploads\/2018\/11\/ResizerImage922X533-768x445.jpg 768w, https:\/\/www.cantinhodaluz.org.br\/wp-content\/uploads\/2018\/11\/ResizerImage922X533-624x361.jpg 624w, https:\/\/www.cantinhodaluz.org.br\/wp-content\/uploads\/2018\/11\/ResizerImage922X533.jpg 922w\" sizes=\"auto, (max-width: 300px) 100vw, 300px\" \/> <img loading=\"lazy\" decoding=\"async\" class=\"alignnone size-medium wp-image-582\" src=\"https:\/\/www.cantinhodaluz.org.br\/wp-content\/uploads\/2018\/11\/ResizerImage831X489-300x177.jpg\" alt=\"\" width=\"300\" height=\"177\" srcset=\"https:\/\/www.cantinhodaluz.org.br\/wp-content\/uploads\/2018\/11\/ResizerImage831X489-300x177.jpg 300w, https:\/\/www.cantinhodaluz.org.br\/wp-content\/uploads\/2018\/11\/ResizerImage831X489-768x452.jpg 768w, https:\/\/www.cantinhodaluz.org.br\/wp-content\/uploads\/2018\/11\/ResizerImage831X489-624x367.jpg 624w, https:\/\/www.cantinhodaluz.org.br\/wp-content\/uploads\/2018\/11\/ResizerImage831X489.jpg 831w\" sizes=\"auto, (max-width: 300px) 100vw, 300px\" \/> <img loading=\"lazy\" decoding=\"async\" class=\"alignnone size-medium wp-image-581\" src=\"https:\/\/www.cantinhodaluz.org.br\/wp-content\/uploads\/2018\/11\/ResizerImage747X455-300x183.jpg\" alt=\"\" width=\"300\" height=\"183\" srcset=\"https:\/\/www.cantinhodaluz.org.br\/wp-content\/uploads\/2018\/11\/ResizerImage747X455-300x183.jpg 300w, https:\/\/www.cantinhodaluz.org.br\/wp-content\/uploads\/2018\/11\/ResizerImage747X455-624x381.jpg 624w, https:\/\/www.cantinhodaluz.org.br\/wp-content\/uploads\/2018\/11\/ResizerImage747X455.jpg 747w\" sizes=\"auto, (max-width: 300px) 100vw, 300px\" \/> <img loading=\"lazy\" decoding=\"async\" class=\"alignnone size-medium wp-image-579\" src=\"https:\/\/www.cantinhodaluz.org.br\/wp-content\/uploads\/2018\/11\/ResizerImage371X225-300x183.jpg\" alt=\"\" width=\"300\" height=\"183\" srcset=\"https:\/\/www.cantinhodaluz.org.br\/wp-content\/uploads\/2018\/11\/ResizerImage371X225-300x183.jpg 300w, https:\/\/www.cantinhodaluz.org.br\/wp-content\/uploads\/2018\/11\/ResizerImage371X225.jpg 371w\" sizes=\"auto, (max-width: 300px) 100vw, 300px\" \/><\/p>\n<p style=\"text-align: left;\">\n","protected":false},"excerpt":{"rendered":"<p>A Entidade iniciou suas atividades no ano de 1990, em um terreno baldio, atrav\u00e9s de um grupo de volunt\u00e1rios que preocupados com o SER, promovendo assist\u00eancia e amparo \u00e0s crian\u00e7as, adolescentes, bem como aos seus familiares que residiam nos bairros da periferia oeste do munic\u00edpio, regi\u00e3o caracterizada pela vulnerabilidade social. Neste local eram desenvolvidas atividades [&hellip;]<\/p>\n","protected":false},"author":1,"featured_media":0,"parent":0,"menu_order":0,"comment_status":"closed","ping_status":"closed","template":"","meta":{"footnotes":""},"class_list":["post-575","page","type-page","status-publish","hentry"],"_links":{"self":[{"href":"https:\/\/www.cantinhodaluz.org.br\/index.php?rest_route=\/wp\/v2\/pages\/575","targetHints":{"allow":["GET"]}}],"collection":[{"href":"https:\/\/www.cantinhodaluz.org.br\/index.php?rest_route=\/wp\/v2\/pages"}],"about":[{"href":"https:\/\/www.cantinhodaluz.org.br\/index.php?rest_route=\/wp\/v2\/types\/page"}],"author":[{"embeddable":true,"href":"https:\/\/www.cantinhodaluz.org.br\/index.php?rest_route=\/wp\/v2\/users\/1"}],"replies":[{"embeddable":true,"href":"https:\/\/www.cantinhodaluz.org.br\/index.php?rest_route=%2Fwp%2Fv2%2Fcomments&post=575"}],"version-history":[{"count":5,"href":"https:\/\/www.cantinhodaluz.org.br\/index.php?rest_route=\/wp\/v2\/pages\/575\/revisions"}],"predecessor-version":[{"id":595,"href":"https:\/\/www.cantinhodaluz.org.br\/index.php?rest_route=\/wp\/v2\/pages\/575\/revisions\/595"}],"wp:attachment":[{"href":"https:\/\/www.cantinhodaluz.org.br\/index.php?rest_route=%2Fwp%2Fv2%2Fmedia&parent=575"}],"curies":[{"name":"wp","href":"https:\/\/api.w.org\/{rel}","templated":true}]}}